{"id":1490,"date":"2023-04-05T10:44:19","date_gmt":"2023-04-05T13:44:19","guid":{"rendered":"https:\/\/lsctoys.com.br\/?post_type=product&#038;p=1490"},"modified":"2023-04-19T11:40:09","modified_gmt":"2023-04-19T14:40:09","slug":"embalagem-para-taca-americana-exclusive-e-taca-confeiteiro","status":"publish","type":"product","link":"https:\/\/lsctoys.com.br\/en\/product\/embalagem-para-taca-americana-exclusive-e-taca-confeiteiro\/","title":{"rendered":"EMBALAGEM PARA TA\u00c7A AMERICANA, EXCLUSIVE E TA\u00c7A CONFEITEIRO"},"content":{"rendered":"","protected":false},"excerpt":{"rendered":"<p>C\u00d3D. 104.1<br \/>\nPacote com 12 unidades<br \/>\nMedida Aproximada: C 42 &#8211; L 30 &#8211; A 0,6 cm<\/p>","protected":false},"featured_media":1519,"comment_status":"open","ping_status":"closed","template":"","meta":[],"product_cat":[132,135,180],"product_tag":[],"acf":[],"_links":{"self":[{"href":"https:\/\/lsctoys.com.br\/en\/wp-json\/wp\/v2\/product\/1490"}],"collection":[{"href":"https:\/\/lsctoys.com.br\/en\/wp-json\/wp\/v2\/product"}],"about":[{"href":"https:\/\/lsctoys.com.br\/en\/wp-json\/wp\/v2\/types\/product"}],"replies":[{"embeddable":true,"href":"https:\/\/lsctoys.com.br\/en\/wp-json\/wp\/v2\/comments?post=1490"}],"wp:featuredmedia":[{"embeddable":true,"href":"https:\/\/lsctoys.com.br\/en\/wp-json\/wp\/v2\/media\/1519"}],"wp:attachment":[{"href":"https:\/\/lsctoys.com.br\/en\/wp-json\/wp\/v2\/media?parent=1490"}],"wp:term":[{"taxonomy":"product_cat","embeddable":true,"href":"https:\/\/lsctoys.com.br\/en\/wp-json\/wp\/v2\/product_cat?post=1490"},{"taxonomy":"product_tag","embeddable":true,"href":"https:\/\/lsctoys.com.br\/en\/wp-json\/wp\/v2\/product_tag?post=1490"}],"curies":[{"name":"wp","href":"https:\/\/api.w.org\/{rel}","templated":true}]}}