{"id":1919,"date":"2023-04-05T10:47:02","date_gmt":"2023-04-05T13:47:02","guid":{"rendered":"https:\/\/lsctoys.com.br\/?post_type=product&#038;p=1919"},"modified":"2023-04-30T11:03:15","modified_gmt":"2023-04-30T14:03:15","slug":"coracao-medio","status":"publish","type":"product","link":"https:\/\/lsctoys.com.br\/en\/product\/coracao-medio\/","title":{"rendered":"CORA\u00c7\u00c3O M\u00c9DIO"},"content":{"rendered":"","protected":false},"excerpt":{"rendered":"<p>Pacote com 10 unidades<br \/>\nCaixa com 14 pacotes<br \/>\nMedida Aproximada: 5 x 5 cm<\/p>","protected":false},"featured_media":1932,"comment_status":"open","ping_status":"closed","template":"","meta":[],"product_cat":[122,132,113,180],"product_tag":[],"acf":[],"_links":{"self":[{"href":"https:\/\/lsctoys.com.br\/en\/wp-json\/wp\/v2\/product\/1919"}],"collection":[{"href":"https:\/\/lsctoys.com.br\/en\/wp-json\/wp\/v2\/product"}],"about":[{"href":"https:\/\/lsctoys.com.br\/en\/wp-json\/wp\/v2\/types\/product"}],"replies":[{"embeddable":true,"href":"https:\/\/lsctoys.com.br\/en\/wp-json\/wp\/v2\/comments?post=1919"}],"wp:featuredmedia":[{"embeddable":true,"href":"https:\/\/lsctoys.com.br\/en\/wp-json\/wp\/v2\/media\/1932"}],"wp:attachment":[{"href":"https:\/\/lsctoys.com.br\/en\/wp-json\/wp\/v2\/media?parent=1919"}],"wp:term":[{"taxonomy":"product_cat","embeddable":true,"href":"https:\/\/lsctoys.com.br\/en\/wp-json\/wp\/v2\/product_cat?post=1919"},{"taxonomy":"product_tag","embeddable":true,"href":"https:\/\/lsctoys.com.br\/en\/wp-json\/wp\/v2\/product_tag?post=1919"}],"curies":[{"name":"wp","href":"https:\/\/api.w.org\/{rel}","templated":true}]}}