{"id":4889,"date":"2024-11-08T15:46:46","date_gmt":"2024-11-08T18:46:46","guid":{"rendered":"https:\/\/lsctoys.com.br\/?post_type=product&#038;p=4889"},"modified":"2024-11-08T15:48:08","modified_gmt":"2024-11-08T18:48:08","slug":"base-laminada-redonda-para-doces-dourado","status":"publish","type":"product","link":"https:\/\/lsctoys.com.br\/en\/product\/base-laminada-redonda-para-doces-dourado\/","title":{"rendered":"BASE LAMINADA REDONDA PARA DOCES DOURADO"},"content":{"rendered":"","protected":false},"excerpt":{"rendered":"<p>Composi\u00e7\u00e3o: Papel cart\u00e3o<br \/>\nGramatura: 2.0 mm<br \/>\nLamina\u00e7\u00e3o: ouro na frente, pl\u00e1stico no verso<br \/>\nSOLAPA C\/ 10 UNIDADES<br \/>\nMedida aprox.: <span class=\"OYPEnA font-feature-liga-off font-feature-clig-off font-feature-calt-off text-decoration-none text-strikethrough-none\">\u00d8 <\/span>8 cm<\/p>","protected":false},"featured_media":4890,"comment_status":"open","ping_status":"closed","template":"","meta":[],"product_cat":[15,132,172,117],"product_tag":[],"acf":[],"_links":{"self":[{"href":"https:\/\/lsctoys.com.br\/en\/wp-json\/wp\/v2\/product\/4889"}],"collection":[{"href":"https:\/\/lsctoys.com.br\/en\/wp-json\/wp\/v2\/product"}],"about":[{"href":"https:\/\/lsctoys.com.br\/en\/wp-json\/wp\/v2\/types\/product"}],"replies":[{"embeddable":true,"href":"https:\/\/lsctoys.com.br\/en\/wp-json\/wp\/v2\/comments?post=4889"}],"wp:featuredmedia":[{"embeddable":true,"href":"https:\/\/lsctoys.com.br\/en\/wp-json\/wp\/v2\/media\/4890"}],"wp:attachment":[{"href":"https:\/\/lsctoys.com.br\/en\/wp-json\/wp\/v2\/media?parent=4889"}],"wp:term":[{"taxonomy":"product_cat","embeddable":true,"href":"https:\/\/lsctoys.com.br\/en\/wp-json\/wp\/v2\/product_cat?post=4889"},{"taxonomy":"product_tag","embeddable":true,"href":"https:\/\/lsctoys.com.br\/en\/wp-json\/wp\/v2\/product_tag?post=4889"}],"curies":[{"name":"wp","href":"https:\/\/api.w.org\/{rel}","templated":true}]}}