{"id":161,"date":"2020-08-14T18:14:00","date_gmt":"2020-08-14T21:14:00","guid":{"rendered":"https:\/\/lsctoys.com.br\/?page_id=161"},"modified":"2020-10-16T10:17:45","modified_gmt":"2020-10-16T13:17:45","slug":"politica-de-privacidade","status":"publish","type":"page","link":"https:\/\/lsctoys.com.br\/es\/politica-de-privacidade\/","title":{"rendered":"Pol\u00edtica de privacidad"},"content":{"rendered":"<div class=\"row\"  id=\"row-701614246\">\n\n\t<div id=\"col-1900671202\" class=\"col small-12 large-12\"  >\n\t\t\t\t<div class=\"col-inner\"  >\n\t\t\t\n\t\t\t\n\t<div id=\"gap-682756114\" class=\"gap-element clearfix\" style=\"display:block; height:auto;\">\n\t\t\n<style>\n#gap-682756114 {\n  padding-top: 30px;\n}\n<\/style>\n\t<\/div>\n\t\n<h1 class=\"product-title entry-title\">POL\u00cdTICA DE PRIVACIDAD<\/h1>\n<p><b>LSC Toys<\/b> tem uma grande preocupa\u00e7\u00e3o com a seguran\u00e7a de seus dados. Nosso compromisso \u00e9 assegurar a privacidade de cada cliente. O sigilo de suas informa\u00e7\u00f5es \u00e9 muito importante. Desta forma, utilizamos neste site o Certificado de Seguran\u00e7a de alto n\u00edvel.<\/p>\n<p class=\" translation-block\">El proceso de seguridad para la transferencia de su informaci\u00f3n consiste en cifrar sus datos. Se transmiten y solo se pueden decodificar en el servidor de Internet de <b>LSC Toys<\/b>. Esto garantiza la seguridad en la transmisi\u00f3n de datos durante el proceso de compra. El candado cerrado (que aparece en la parte superior de la p\u00e1gina cuando realiza el pedido) es el s\u00edmbolo de esta tecnolog\u00eda de encriptaci\u00f3n. Al hacer clic en esta imagen, podr\u00e1 verificar la validez del Certificado de Seguridad de <b>LSC Toys<\/b>.<\/p>\n<p class=\" translation-block\">Para identificar a los clientes de <b>LSC Toys<\/b>, se utiliza el nombre de usuario del cliente de <b>LSC Toys<\/b> (obtenido en la primera compra) junto con el correo electr\u00f3nico o CPF. El registro s\u00f3lo se completar\u00e1 en la primera compra. En las pr\u00f3ximas compras, solo informe su nombre de usuario y su correo electr\u00f3nico o CPF. Por ello, es muy importante que no facilites tus datos a nadie.<\/p>\n<p class=\" translation-block\">Haz tu pedido con tranquilidad. <b>LSC Toys<\/b> garantiza su privacidad.<\/p>\n<p><strong>POL\u00cdTICA DE PRIVACIDAD<\/strong><\/p>\n<p class=\" translation-block\">La pol\u00edtica de privacidad establece los t\u00e9rminos y condiciones bajo los cuales su informaci\u00f3n\/datos personales pueden ser utilizados. <b>LSC Toys<\/b> se compromete a proteger su privacidad. Por lo tanto, toda su informaci\u00f3n est\u00e1 protegida con contrase\u00f1a. Para su seguridad y privacidad, mantenga su contrase\u00f1a confidencial.<\/p>\n<p class=\" translation-block\">No obstante, <b>LSC Toys<\/b> podr\u00e1, en su caso, modificar la presente pol\u00edtica para adaptarla a novedades legislativas, jurisprudenciales, o relativas a pr\u00e1cticas comerciales. En todo caso, los cambios introducidos ser\u00e1n publicados a trav\u00e9s de esta p\u00e1gina, con un plazo prudencial de antelaci\u00f3n a su puesta en pr\u00e1ctica. Por lo tanto, mant\u00e9ngase al d\u00eda con estos procedimientos, revisando los cambios que se han producido a trav\u00e9s de esta p\u00e1gina.<\/p>\n<p><strong>Datos personales<\/strong><\/p>\n<p class=\" translation-block\">La expresi\u00f3n \u201cdatos personales\u201d significa informaci\u00f3n como: nombre; DIRECCI\u00d3N; direcci\u00f3n de correo electr\u00f3nico; proveedor de servicios de Internet; tel\u00e9fono; entre otra informaci\u00f3n personal que usted pueda proporcionar o recopilar sobre usted, de conformidad con la legislaci\u00f3n local aplicable. Los datos personales solicitados por <b>LSC Toys<\/b> ser\u00e1n objeto de tratamiento automatizado, siendo incorporados a los correspondientes registros electr\u00f3nicos de datos de car\u00e1cter personal, de los cuales <b>LSC Toys<\/b> ser\u00e1 titular y responsable. Estos datos son necesarios para realizar una orden de compra, participar en promociones o cualquier otra acci\u00f3n de Marketing que ofrece el sitio web de <b>LSC Toys<\/b>.<\/p>\n<p class=\" translation-block\">Al registrarse, el Cliente y\/o Usuario acepta autom\u00e1ticamente la pol\u00edtica de privacidad de <b>LSC Toys<\/b> y se hace responsable de la veracidad de los datos personales facilitados.<\/p>\n<p class=\" translation-block\">El registro y uso electr\u00f3nico de datos personales por parte de <b>LSC Toys<\/b> tiene como finalidad personalizar su experiencia como usuario, verificar su satisfacci\u00f3n con los productos y\/o servicios, o contactarlo por correo electr\u00f3nico, carta, SMS o tel\u00e9fono, o, en los t\u00e9rminos de la legislaci\u00f3n local, utilizar dichos medios para informarle sobre nuevos productos, servicios o promociones que pueda ofrecer, directa o indirectamente. As\u00ed que mant\u00e9n tu perfil actualizado. La finalidad del registro y tratamiento electr\u00f3nico de datos personales tambi\u00e9n incluye el env\u00edo de formularios de encuestas, que el Cliente y\/o Usuario no est\u00e1 obligado a contestar.<\/p>\n<p><strong>Tu informaci\u00f3n<\/strong><\/p>\n<p class=\" translation-block\">De existir solicitud formal, por parte de cualquier Autoridad P\u00fablica o Judicial, debidamente fundamentada, el Cliente y\/o Usuario autoriza expresamente a <b>LSC Toys<\/b> a remitir los datos de registro solicitados, sin perjuicio de la notificaci\u00f3n previa al Cliente y\/o o Usuario.<br>El cliente podr\u00e1, no obstante, en cualquier momento solicitar a <b>LSC Toys<\/b> la cancelaci\u00f3n de su registro, por lo que dejar\u00e1 de recibir informaci\u00f3n sobre la empresa, sus productos y servicios.<\/p>\n<p><strong>El intercambio de informaci\u00f3n<\/strong><\/p>\n<p class=\" translation-block\">La seguridad de su informaci\u00f3n es muy importante para <b>LSC Toys<\/b> Es por eso que este tema es tratado con gran responsabilidad. La informaci\u00f3n necesaria para habilitar ciertos servicios, como acciones de marketing, se comparte con algunos socios. Y este intercambio se realiza siempre y \u00fanicamente con el compromiso de respetar esta pol\u00edtica de privacidad.<\/p>\n<p><strong>Certificado de seguridad<\/strong><\/p>\n<p class=\" translation-block\"><b>LSC Toys<\/b> ha adoptado los niveles legalmente requeridos en materia de seguridad de protecci\u00f3n de datos, y procura instalar todos los medios y medidas adicionales para evitar la p\u00e9rdida, mal uso, alteraci\u00f3n, acceso no autorizado o sustracci\u00f3n indebida de los datos personales recogidos. Actualmente utiliza en su sitio web el Certificado de Seguridad de m\u00e1ximo nivel que, a trav\u00e9s de su sistema de certificaci\u00f3n, permite acreditar la autenticidad del sitio web de <b>LSC Toys<\/b> desde el lugar donde se facilitan los datos personales, as\u00ed como garantizar su integridad y confidencialidad durante su transmisi\u00f3n. No obstante, el Cliente y\/o Usuario debe ser consciente de que las medidas de seguridad relativas a Internet no son del todo infalibles.<\/p>\n<p><strong>Compra Segura \u2013 M\u00e9todos de Pago<\/strong><\/p>\n<p>Adem\u00e1s del sistema de protecci\u00f3n de sus datos, se adoptan otros procedimientos para su seguridad. Todas las transacciones de pago, con o sin tarjeta de cr\u00e9dito, se realizan utilizando la tecnolog\u00eda SSL (Secure Socket Layer), lo que garantiza que todos los datos personales del cliente, como la direcci\u00f3n de entrega, los datos de la tarjeta de cr\u00e9dito y el historial de pedidos, nunca se divulgan. Adem\u00e1s, esta tecnolog\u00eda tiene como objetivo evitar que la informaci\u00f3n sea transmitida o accedida por terceros.<\/p>\n<p><strong>Recolecci\u00f3n de datos<\/strong><\/p>\n<p class=\" translation-block\">Con el objetivo de mejorar la comunicaci\u00f3n con sus clientes, <b>LSC Toys<\/b> recibe una notificaci\u00f3n cuando se abren sus e-mails, si esta funcionalidad est\u00e1 activa en el ordenador del cliente.<br>Tambi\u00e9n recibe informaci\u00f3n de forma autom\u00e1tica desde alg\u00fan m\u00f3vil dispositivos que acceden a su sitio y\/o sitios de socios, agregando informaci\u00f3n sobre interacciones de clientes\/usuarios, como p\u00e1ginas y\/o productos vistos.<\/p>\n<p><strong>Galletas<\/strong><\/p>\n<p><b>LSC Toys<\/b> coleta informa\u00e7\u00f5es atrav\u00e9s de cookies (informa\u00e7\u00f5es enviadas pelo servidor da <b>LSC Toys<\/b> ao computador do usu\u00e1rio, para identific\u00e1-lo). Os cookies servem unicamente para controle interno de audi\u00eancia e de navega\u00e7\u00e3o. a <b>LSC Toys<\/b> utiliza cookies para guardar informa\u00e7\u00f5es da sua sacola de compras, o que facilita e agiliza sua compra. A aceita\u00e7\u00e3o dos cookies pode ser livremente alterada na configura\u00e7\u00e3o de seu navegador. Nossa sugest\u00e3o \u00e9 de que mantenha o salvamento de cookies, para poder usufruir de todos os recursos de navega\u00e7\u00e3o personalizada.<\/p>\n<p>Al dejar un comentario en el sitio, puede optar por guardar su nombre, direcci\u00f3n de correo electr\u00f3nico y sitio web en cookies. Esto es para tu comodidad, para que no tengas que volver a rellenar tus datos cuando hagas otro comentario. Estas cookies duran un a\u00f1o.<\/p>\n<p>Si tiene una cuenta y accede a este sitio, se crear\u00e1 una cookie temporal para determinar si su navegador acepta cookies. No contiene ning\u00fan dato personal y se descartar\u00e1 cuando cierre su navegador.<\/p>\n<p>Cuando inicia sesi\u00f3n en su cuenta en el sitio web, tambi\u00e9n configuramos varias cookies para guardar los detalles de su cuenta y sus opciones de visualizaci\u00f3n de pantalla. Las cookies de inicio de sesi\u00f3n se conservan durante dos d\u00edas y las cookies de opci\u00f3n de pantalla durante un a\u00f1o. Si selecciona \"Recordarme\", su acceso se mantendr\u00e1 durante dos semanas. Si cierra sesi\u00f3n en su cuenta, se eliminar\u00e1n las cookies de inicio de sesi\u00f3n.<\/p>\n<p>Si edita o publica un art\u00edculo, se guardar\u00e1 una cookie adicional en su navegador. Esta cookie no incluye ning\u00fan dato personal y simplemente indica el ID de la publicaci\u00f3n que hace referencia al art\u00edculo que acaba de editar. Caduca despu\u00e9s de 1 d\u00eda.<\/p>\n<p>Tipos de cookies que utilizamos<\/p>\n<p>Esencial: algunas cookies son esenciales para que pueda experimentar la funcionalidad completa de nuestro sitio web. Nos permiten mantener las sesiones de los usuarios y prevenir cualquier amenaza a la seguridad. No recopilan ni almacenan ninguna informaci\u00f3n personal. Por ejemplo, estas cookies le permiten iniciar sesi\u00f3n en su cuenta y agregar productos a su cesta y pagar de forma segura.<\/p>\n<p>Estad\u00edsticas: Estas cookies almacenan informaci\u00f3n como el n\u00famero de visitantes del sitio web, el n\u00famero de visitantes \u00fanicos, qu\u00e9 p\u00e1ginas del sitio web fueron visitadas, el origen de la visita, etc. Estos datos nos ayudan a comprender y analizar el rendimiento del sitio y d\u00f3nde necesita mejoras. Utilizamos la cookie de Google para generar estos informes en Google Analytics.<\/p>\n<p>Marketing: Nuestro sitio web muestra anuncios. Estas cookies se utilizan para personalizar los anuncios que le mostramos para que sean significativos para usted. Estas cookies tambi\u00e9n nos ayudan a rastrear la efectividad de estas campa\u00f1as publicitarias.<\/p>\n<p>La informaci\u00f3n almacenada en estas cookies tambi\u00e9n puede ser utilizada por proveedores de anuncios de terceros para mostrar anuncios en otros sitios web en su navegador.<\/p>\n<p>Funcionales: estas son las cookies que ayudan a ciertas funcionalidades no esenciales de nuestro sitio web. Estas funcionalidades incluyen incrustar contenido como videos o compartir contenido en el sitio web en plataformas de redes sociales.<\/p>\n<p><strong>Con qui\u00e9n compartimos sus datos<br \/><\/strong><\/p>\n<div class=\"elementor-element elementor-element-5875edd elementor-widget elementor-widget-text-editor\" data-id=\"5875edd\" data-element_type=\"widget\" data-widget_type=\"text-editor.default\">\n<div class=\"elementor-widget-container\">\n<div class=\"elementor-text-editor elementor-clearfix\">\n<p>No compartimos sus datos con terceros.<\/p>\n<p><strong>Cuanto tiempo conservamos tus datos<br \/><\/strong><\/p>\n<\/div>\n<div class=\"elementor-element elementor-element-afa85b7 elementor-widget elementor-widget-text-editor\" data-id=\"afa85b7\" data-element_type=\"widget\" data-widget_type=\"text-editor.default\">\n<div class=\"elementor-widget-container\">\n<div class=\"elementor-text-editor elementor-clearfix\">\n<p>Si deja un comentario, el comentario y sus metadatos se conservan indefinidamente. Hacemos esto para que podamos reconocer y aprobar autom\u00e1ticamente cualquier otro comentario en lugar de reservarlo para moderaci\u00f3n.<\/p>\n<p>Para los usuarios que se registran en nuestro sitio web (si los hay), tambi\u00e9n almacenamos la informaci\u00f3n personal que proporciona en su perfil de usuario. Todos los usuarios pueden ver, editar o eliminar su informaci\u00f3n personal en cualquier momento (simplemente no es posible cambiar su nombre de usuario). Los administradores del sitio tambi\u00e9n pueden ver y editar esta informaci\u00f3n.<\/p>\n<p><strong>Cu\u00e1les son sus derechos sobre sus datos<br \/><\/strong><\/p>\n<p>Si tiene una cuenta en este sitio o si ha dejado comentarios, puede solicitar un archivo exportado de los datos personales que tenemos sobre usted, incluidos los datos que nos haya proporcionado. Tambi\u00e9n puede solicitar que eliminemos cualquier dato personal que tengamos sobre usted. Esto no incluye ning\u00fan dato que estemos obligados a conservar con fines administrativos, legales o de seguridad. Solicitar a trav\u00e9s de nuestro formulario de contacto que le devolveremos en hasta 28 d\u00edas.<\/p>\n<\/div>\n<\/div>\n<\/div>\n<\/div>\n<\/div>\n<p><strong>Propiedad intelectual<\/strong><\/p>\n<p class=\" translation-block\">Las im\u00e1genes y textos que se muestran en el sitio web de <b>LSC Toys<\/b> son propiedad de la empresa, protegida por registro y\/o contrato debidamente firmado entre las partes. Queda expresamente prohibido copiar, reproducir y\/o modificar estas im\u00e1genes y\/o textos para uso comercial.<\/p>\n\t\t<\/div>\n\t\t\t\t\t<\/div>\n\n\t\n<\/div>","protected":false},"excerpt":{"rendered":"","protected":false},"author":2,"featured_media":0,"parent":0,"menu_order":0,"comment_status":"closed","ping_status":"closed","template":"page-blank.php","meta":{"footnotes":""},"acf":[],"_links":{"self":[{"href":"https:\/\/lsctoys.com.br\/es\/wp-json\/wp\/v2\/pages\/161"}],"collection":[{"href":"https:\/\/lsctoys.com.br\/es\/wp-json\/wp\/v2\/pages"}],"about":[{"href":"https:\/\/lsctoys.com.br\/es\/wp-json\/wp\/v2\/types\/page"}],"author":[{"embeddable":true,"href":"https:\/\/lsctoys.com.br\/es\/wp-json\/wp\/v2\/users\/2"}],"replies":[{"embeddable":true,"href":"https:\/\/lsctoys.com.br\/es\/wp-json\/wp\/v2\/comments?post=161"}],"version-history":[{"count":1,"href":"https:\/\/lsctoys.com.br\/es\/wp-json\/wp\/v2\/pages\/161\/revisions"}],"predecessor-version":[{"id":403,"href":"https:\/\/lsctoys.com.br\/es\/wp-json\/wp\/v2\/pages\/161\/revisions\/403"}],"wp:attachment":[{"href":"https:\/\/lsctoys.com.br\/es\/wp-json\/wp\/v2\/media?parent=161"}],"curies":[{"name":"wp","href":"https:\/\/api.w.org\/{rel}","templated":true}]}}