{"id":191,"date":"2020-08-14T19:32:16","date_gmt":"2020-08-14T22:32:16","guid":{"rendered":"https:\/\/lsctoys.com.br\/?page_id=191"},"modified":"2023-04-18T10:38:12","modified_gmt":"2023-04-18T13:38:12","slug":"fale-conosco","status":"publish","type":"page","link":"https:\/\/lsctoys.com.br\/es\/fale-conosco\/","title":{"rendered":"Hable con nosotros"},"content":{"rendered":"<div class=\"row\"  id=\"row-1467809085\">\n\n\t<div id=\"col-1932979567\" class=\"col medium-6 small-12 large-6\"  >\n\t\t\t\t<div class=\"col-inner\"  >\n\t\t\t\n\t\t\t\n\t<div id=\"gap-2053305029\" class=\"gap-element clearfix\" style=\"display:block; height:auto;\">\n\t\t\n<style>\n#gap-2053305029 {\n  padding-top: 30px;\n}\n<\/style>\n\t<\/div>\n\t\n<h1 class=\"product-title entry-title\">HABLE CON NOSOTROS<\/h1>\n<p>Este es un canal exclusivo para que despejes tus dudas y crees nuevas solicitudes sobre pedidos realizados. Todos nuestros agentes est\u00e1n preparados para generar soluciones.<\/p>\n<div id=\"quform-d431e9\" class=\"quform quform-4 quform-theme-light quform-support-page-caching\"><form id=\"quform-form-d431e9\" class=\"quform-form quform-form-4\" action=\"\/es\/wp-json\/wp\/v2\/pages\/191#quform-d431e9\" method=\"post\" enctype=\"multipart\/form-data\" novalidate=\"novalidate\" data-options=\"{&quot;id&quot;:4,&quot;uniqueId&quot;:&quot;d431e9&quot;,&quot;theme&quot;:&quot;light&quot;,&quot;ajax&quot;:true,&quot;logic&quot;:{&quot;logic&quot;:[],&quot;dependents&quot;:[],&quot;elementIds&quot;:[],&quot;dependentElementIds&quot;:[],&quot;animate&quot;:true},&quot;currentPageId&quot;:1,&quot;errorsIcon&quot;:&quot;&quot;,&quot;updateFancybox&quot;:true,&quot;hasPages&quot;:false,&quot;pages&quot;:[1],&quot;pageProgressType&quot;:&quot;numbers&quot;,&quot;tooltipsEnabled&quot;:true,&quot;tooltipClasses&quot;:&quot;qtip-quform-dark qtip-shadow&quot;,&quot;tooltipMy&quot;:&quot;left center&quot;,&quot;tooltipAt&quot;:&quot;right center&quot;,&quot;isRtl&quot;:false,&quot;scrollOffset&quot;:-50,&quot;scrollSpeed&quot;:800}\" data-trp-original-action=\"\/es\/wp-json\/wp\/v2\/pages\/191#quform-d431e9\"><button class=\"quform-default-submit\" name=\"quform_submit\" type=\"submit\" value=\"submit\" aria-hidden=\"true\" tabindex=\"-1\"><\/button><div class=\"quform-form-inner quform-form-inner-4\"><input type=\"hidden\" name=\"quform_form_id\" value=\"4\" \/><input type=\"hidden\" name=\"quform_form_uid\" value=\"d431e9\" \/><input type=\"hidden\" name=\"quform_count\" value=\"1\" \/><input type=\"hidden\" name=\"form_url\" value=\"https:\/\/lsctoys.com.br\/es\/wp-json\/wp\/v2\/pages\/191\" \/><input type=\"hidden\" name=\"referring_url\" value=\"\" \/><input type=\"hidden\" name=\"post_id\" value=\"\" \/><input type=\"hidden\" name=\"post_title\" value=\"\" \/><input type=\"hidden\" name=\"quform_current_page_id\" value=\"1\" \/><input type=\"hidden\" name=\"quform_csrf_token\" value=\"fOgSsG3cxygVqB9bXWwNPV0wOiLXuOlZC9IiI8je\" \/><div class=\"quform-elements quform-elements-4 quform-cf quform-responsive-elements-phone-landscape\"><div class=\"quform-element quform-element-page quform-page-1 quform-page-4_1 quform-cf quform-group-style-plain quform-first-page quform-last-page quform-current-page\"><div class=\"quform-child-elements\"><div class=\"quform-element quform-element-text quform-element-4_12 quform-cf quform-labels-inside quform-element-required\"><div class=\"quform-spacer\"><div class=\"quform-label quform-label-4_12\"><span class=\"quform-label-icon\"><i class=\"fa fa-user\"><\/i><\/span><label class=\"quform-label-text\" for=\"quform_4_12_d431e9\">Nombre completo<span class=\"quform-required\">*<\/span><\/label><\/div><div class=\"quform-inner quform-inner-text quform-inner-4_12\"><div class=\"quform-input quform-input-text quform-input-4_12 quform-cf\"><input type=\"text\" id=\"quform_4_12_d431e9\" name=\"quform_4_12\" class=\"quform-field quform-field-text quform-field-4_12\" \/><\/div><\/div><\/div><\/div><div class=\"quform-element quform-element-email quform-element-4_4 quform-cf quform-labels-inside quform-element-required\"><div class=\"quform-spacer\"><div class=\"quform-label quform-label-4_4\"><span class=\"quform-label-icon\"><i class=\"fa fa-envelope-o\"><\/i><\/span><label class=\"quform-label-text\" for=\"quform_4_4_d431e9\">Direcci\u00f3n de correo electr\u00f3nico<span class=\"quform-required\">*<\/span><\/label><\/div><div class=\"quform-inner quform-inner-email quform-inner-4_4\"><div class=\"quform-input quform-input-email quform-input-4_4 quform-cf\"><input type=\"email\" id=\"quform_4_4_d431e9\" name=\"quform_4_4\" class=\"quform-field quform-field-email quform-field-4_4\" \/><\/div><\/div><\/div><\/div><div class=\"quform-element quform-element-text quform-element-4_6 quform-cf quform-labels-inside quform-element-required\"><div class=\"quform-spacer\"><div class=\"quform-label quform-label-4_6\"><span class=\"quform-label-icon\"><i class=\"fa fa-whatsapp\"><\/i><\/span><label class=\"quform-label-text\" for=\"quform_4_6_d431e9\">Tel\u00e9fono \/ WhatsApp<span class=\"quform-required\">*<\/span><\/label><\/div><div class=\"quform-inner quform-inner-text quform-inner-4_6\"><div class=\"quform-input quform-input-text quform-input-4_6 quform-cf\"><input type=\"text\" id=\"quform_4_6_d431e9\" name=\"quform_4_6\" class=\"quform-field quform-field-text quform-field-4_6\" \/><\/div><\/div><\/div><\/div><div class=\"quform-element quform-element-select quform-element-4_15 quform-cf quform-element-required\"><div class=\"quform-spacer\"><div class=\"quform-label quform-label-4_15\"><label class=\"quform-label-text\" for=\"quform_4_15_d431e9\">\u00bfCu\u00e1l es el tema de su mensaje?<span class=\"quform-required\">*<\/span><\/label><\/div><div class=\"quform-inner quform-inner-select quform-inner-4_15\"><div class=\"quform-input quform-input-select quform-input-4_15 quform-cf\"><select id=\"quform_4_15_d431e9\" name=\"quform_4_15\" class=\"quform-field quform-field-select quform-field-4_15\"><option value=\"\" selected=\"selected\">Por favor seleccione<\/option><option value=\"Contato e D\u00favidas Gerais\">Contacto y Preguntas Generales<\/option><option value=\"Vendas e Or\u00e7amentos\">Ventas y Presupuestos<\/option><option value=\"Reclama\u00e7\u00f5es e Sugest\u00f5es\">Quejas y Sugerencias<\/option><option value=\"Assuntos Diversos\">Asuntos Miscel\u00e1neos<\/option><\/select><\/div><\/div><\/div><\/div><div class=\"quform-element quform-element-textarea quform-element-4_7 quform-cf quform-labels-inside quform-element-optional\"><div class=\"quform-spacer\"><div class=\"quform-label quform-label-4_7\"><label class=\"quform-label-text\" for=\"quform_4_7_d431e9\">escribe tu mensaje<\/label><\/div><div class=\"quform-inner quform-inner-textarea quform-inner-4_7\"><div class=\"quform-input quform-input-textarea quform-input-4_7 quform-cf\"><textarea id=\"quform_4_7_d431e9\" name=\"quform_4_7\" class=\"quform-field quform-field-textarea quform-field-4_7\"><\/textarea><\/div><\/div><\/div><\/div><div class=\"quform-element quform-element-captcha quform-element-4_11 quform-cf quform-labels-inside quform-element-required\"><div class=\"quform-spacer\"><div class=\"quform-label quform-label-4_11\"><label class=\"quform-label-text\" for=\"quform_4_11_d431e9\">Por favor ingrese los caracteres<span class=\"quform-required\">*<\/span><\/label><\/div><div class=\"quform-inner quform-inner-captcha quform-inner-4_11\"><div class=\"quform-input quform-input-captcha quform-input-4_11 quform-cf\"><input type=\"text\" id=\"quform_4_11_d431e9\" name=\"quform_4_11\" class=\"quform-field quform-field-captcha quform-field-4_11\" \/><\/div><div class=\"quform-captcha quform-cf\"><div class=\"quform-captcha-image quform-captcha-image-4_11\"><img loading=\"lazy\" decoding=\"async\" class=\"quform-captcha-image-img\" src=\"data:image\/png;base64,iVBORw0KGgoAAAANSUhEUgAAAOYAAABQBAMAAAD\/1xTgAAAAG1BMVEX\/\/\/8iIiJ0dHSQkJCsrKzj4+M9PT3Hx8dZWVk2K0JlAAAACXBIWXMAAA7EAAAOxAGVKw4bAAADmUlEQVRoge1XTVvTQBBOmybpkSkQcqTigz0S5UGOrSBwpArqkUVQjgnFjyOpiPxs92P2I8HSbUvKwbyHJpnu7rs7+87srONUqFChQoUKFR4X618uhnOmdIFiY76c9Sfg9LL5czrOO4DuvDnrT8DZ\/H84k6PO8PWcOQcsYD6bxsHdXZmToJyEccJvbfvOvs\/K4\/QBER5KkysM5YUt4wzX1unvtTSlEO1fZbBcKucGd+eSNGXM4MJimZxscI9AKE0EmAGiMjlP2LNHYwZNGdCtDaBVGmcNxeJr0cTwhzl76YFeM3NywdK8u4omGj4hMTQl4F3tPxZnH4A\/GwYJD9i8a4PtYt6YiVNoJ8B9pfjEwzNS8epcdU7b3PZ1Gob62tuCJUV9ak4q4RaLzxXZpA338wadyDdLzhjgNMlZJKf2bZMv0VUEHhIOiXYFt1q6mk15yQl29Rx7yOkqDaVwLqaH345YYuIExMgT1C\/hNpx2x3PSKITFA\/pzoy0hrk6eo0jWV4uKI1RxqvOG47whOJWxGBD0lJRDjLHSxyezcHIfFrCJxxqxsfN1TMrHWXHGI5V6UKsSb22V62KRHGrG5qEzAh3DvN3Z4aW58pGgOxpu7hA1wVgIo6FzfCrIUiMpSKHlEkXG1h6DhXMJnyulCNUcmExjPZwvlJIZfqwhZ2as3SEt\/o9uNQoeJpgP0rlMyRE\/P2XsUQ\/SfPvTPFd8\/GirPabgjqlZrJMucBmfqzj1gqj4mlm+Pde96ugVkzPgA6VgpIkRkKnck77M4K6Y6gJSMLDgPRSNT4zZM\/4ejKVkR1aS4+xBd48xdI1GjayQrgKxE56poTp\/b1uc7DIMlW89ekIdvdoteOj4OPfpCXG7Znw2+QCZxckuU119srpOKC82ovHlHue3qZra2MgHm8BSoM6++bFl1GmsHv3VpQ6wyEMEG8mj2hLyOFuVBn5ZXjl4ZlGRehgqyseW6AlKw5GDDuWkAo9ejOurTsn2ZOWryNKtnNK8nS5f\/sM9g8SV0iFWB4JCH6LOxfN74R\/s3I5L8gRudXguPNw2D3+kWz4Wi508GtxBCb5eT8LZnLaqF5y8RJgwPFl1NB2ncymKhOR90pwsPFnyCy7GZ\/N\/weNFzD5ANll4Hh2zLtNeSClr6NoWT6oThLNdgr0k0PtqB9Fhtnsa7qv1\/rCqejjrDUnsq70mLjen08891vLutKNZH2PqFSpUqFChwhzwF2+dlKqJ+\/VoAAAAAElFTkSuQmCC\" alt=\"CAPTCHA image\" data-element-id=\"11\" width=\"115\" height=\"40\" \/><\/div><\/div><p class=\"quform-description quform-description-below\">Esto nos ayuda a evitar el spam, gracias.<\/p><\/div><\/div><\/div><div class=\"quform-element quform-element-submit quform-element-4_2 quform-cf quform-button-style-theme quform-button-size-fat quform-button-width-full\"><div class=\"quform-button-submit quform-button-submit-default quform-button-submit-4_2 quform-button-icon-right\"><button name=\"quform_submit\" type=\"submit\" class=\"quform-submit\" value=\"submit\"><span class=\"quform-button-text quform-button-submit-text\">Mandar<\/span><span class=\"quform-button-icon quform-button-submit-icon\"><i class=\"qicon-paper-plane\"><\/i><\/span><\/button><\/div><div class=\"quform-loading quform-loading-position-left quform-loading-type-spinner-3\"><div class=\"quform-loading-inner\"><div class=\"quform-loading-spinner\"><div class=\"quform-loading-spinner-inner\"><\/div><\/div><\/div><\/div><\/div><div class=\"quform-element-tree\"><label for=\"quform_4_0_d431e9\">This field should be left blank<\/label><input type=\"text\" id=\"quform_4_0_d431e9\" name=\"quform_4_0\" class=\"quform-field quform-field-tree quform-field-4_0\" tabindex=\"-1\" autocomplete=\"off\" \/><\/div><\/div><\/div><\/div><\/div><input type=\"hidden\" name=\"trp-form-language\" value=\"es\"\/><\/form><\/div>\n\t\t<\/div>\n\t\t\t\t\t<\/div>\n\n\t\n\n\t<div id=\"col-946539886\" class=\"col medium-6 small-12 large-6\"  >\n\t\t\t\t<div class=\"col-inner\"  >\n\t\t\t\n\t\t\t\n\t<div id=\"gap-722223681\" class=\"gap-element clearfix\" style=\"display:block; height:auto;\">\n\t\t\n<style>\n#gap-722223681 {\n  padding-top: 30px;\n}\n<\/style>\n\t<\/div>\n\t\n<h1 class=\"product-title entry-title\">Central de atendimiento<\/h1>\n<div class=\"infocentral\"><div class=\"nta_wa_button\" data-id=\"20\" data-info=\"{&quot;name&quot;:&quot;Atendimento&quot;,&quot;info&quot;:{&quot;number&quot;:&quot;5511974685620&quot;,&quot;title&quot;:&quot;Atendimento ao cliente&quot;,&quot;predefinedText&quot;:&quot;Ol\\u00e1, estou agora no site *[njwa_page_url]*, e gostaria de conversar mais...&quot;,&quot;willBeBackText&quot;:&quot;N\\u00f3s voltamos em [njwa_time_work]&quot;,&quot;dayOffsText&quot;:&quot;Estamos online em hor\\u00e1rio comercial.&quot;,&quot;isAlwaysAvailable&quot;:&quot;OFF&quot;,&quot;daysOfWeekWorking&quot;:{&quot;sunday&quot;:{&quot;isWorkingOnDay&quot;:&quot;OFF&quot;,&quot;workHours&quot;:[{&quot;startTime&quot;:&quot;08:00&quot;,&quot;endTime&quot;:&quot;17:30&quot;}]},&quot;monday&quot;:{&quot;isWorkingOnDay&quot;:&quot;ON&quot;,&quot;workHours&quot;:[{&quot;startTime&quot;:&quot;08:00&quot;,&quot;endTime&quot;:&quot;22:00&quot;}]},&quot;tuesday&quot;:{&quot;isWorkingOnDay&quot;:&quot;ON&quot;,&quot;workHours&quot;:[{&quot;startTime&quot;:&quot;08:00&quot;,&quot;endTime&quot;:&quot;22:00&quot;}]},&quot;wednesday&quot;:{&quot;isWorkingOnDay&quot;:&quot;ON&quot;,&quot;workHours&quot;:[{&quot;startTime&quot;:&quot;08:00&quot;,&quot;endTime&quot;:&quot;22:00&quot;}]},&quot;thursday&quot;:{&quot;isWorkingOnDay&quot;:&quot;ON&quot;,&quot;workHours&quot;:[{&quot;startTime&quot;:&quot;08:00&quot;,&quot;endTime&quot;:&quot;22:00&quot;}]},&quot;friday&quot;:{&quot;isWorkingOnDay&quot;:&quot;ON&quot;,&quot;workHours&quot;:[{&quot;startTime&quot;:&quot;08:00&quot;,&quot;endTime&quot;:&quot;22:00&quot;}]},&quot;saturday&quot;:{&quot;isWorkingOnDay&quot;:&quot;ON&quot;,&quot;workHours&quot;:[{&quot;startTime&quot;:&quot;08:00&quot;,&quot;endTime&quot;:&quot;22:00&quot;}]}}},&quot;styles&quot;:{&quot;type&quot;:&quot;round&quot;,&quot;backgroundColor&quot;:&quot;#2DB742&quot;,&quot;textColor&quot;:&quot;#fff&quot;,&quot;label&quot;:&quot;Converse agora via WhatsApp&quot;,&quot;width&quot;:300,&quot;height&quot;:64},&quot;avatar&quot;:&quot;https:\\\/\\\/lsctoys.com.br\\\/wp-content\\\/uploads\\\/2020\\\/07\\\/att.png&quot;,&quot;options&quot;:{&quot;display&quot;:{&quot;displayCondition&quot;:&quot;excludePages&quot;,&quot;includePages&quot;:[],&quot;excludePages&quot;:[&quot;274&quot;,&quot;13&quot;,&quot;12&quot;],&quot;showOnDesktop&quot;:&quot;ON&quot;,&quot;showOnMobile&quot;:&quot;ON&quot;,&quot;time_symbols&quot;:&quot;h:m&quot;},&quot;styles&quot;:{&quot;title&quot;:&quot;Converse agora via WhatsApp&quot;,&quot;responseText&quot;:&quot;Este atendimento normalmente responde em minutos.&quot;,&quot;description&quot;:&quot;&quot;,&quot;backgroundColor&quot;:&quot;#2db742&quot;,&quot;textColor&quot;:&quot;#fff&quot;,&quot;scrollHeight&quot;:500,&quot;isShowScroll&quot;:&quot;OFF&quot;,&quot;isShowResponseText&quot;:&quot;ON&quot;,&quot;btnLabel&quot;:&quot;Converse via &lt;strong&gt;WhatsApp&lt;\\\/strong&gt;&quot;,&quot;btnLabelWidth&quot;:156,&quot;btnPosition&quot;:&quot;right&quot;,&quot;btnLeftDistance&quot;:30,&quot;btnRightDistance&quot;:30,&quot;btnBottomDistance&quot;:30,&quot;isShowBtnLabel&quot;:&quot;ON&quot;,&quot;isShowGDPR&quot;:&quot;OFF&quot;,&quot;gdprContent&quot;:&quot;Please accept our &lt;a href=\\&quot;https:\\\/\\\/ninjateam.org\\\/privacy-policy\\\/\\&quot;&gt;privacy policy&lt;\\\/a&gt; first to start a conversation.&quot;},&quot;analytics&quot;:{&quot;enabledGoogle&quot;:&quot;OFF&quot;,&quot;enabledFacebook&quot;:&quot;OFF&quot;,&quot;position&quot;:&quot;after_atc&quot;,&quot;isShow&quot;:&quot;OFF&quot;}},&quot;gdprStatus&quot;:false,&quot;defaultAvatar&quot;:&quot;https:\\\/\\\/lsctoys.com.br\\\/wp-content\\\/plugins\\\/whatsapp-for-wordpress\\\/assets\\\/img\\\/whatsapp_logo.svg&quot;}\"><\/div><\/div>\n<div class=\"infocentral\">\n<div class=\"imagemicone\"><i class=\"fas fa-map-marker-alt iconelocal\"><\/i><\/div>\n<div class=\"enderecocontato\"><span class=\"LrzXr\">R. Forte do Triunfo, 172<\/span> &#8211; Parque S\u00e3o Louren\u00e7o<\/p>\n<p>S\u00e3o Paulo &#8211; SP<br \/>CEP:<br \/>\n            <span class=\"LrzXr\">08340-146<\/span><\/p>\n<\/p><\/div>\n<\/div>\n<h1 class=\"product-title entry-title\">Vea el mapa de ubicaci\u00f3n a continuaci\u00f3n:<\/h1>\n<p><iframe src=\"https:\/\/www.google.com\/maps\/embed?pb=!1m18!1m12!1m3!1d3656.1103362777867!2d-46.46611032304102!3d-23.60037556302972!2m3!1f0!2f0!3f0!3m2!1i1024!2i768!4f13.1!3m3!1m2!1s0x94ce689df5400bf3%3A0x56a9b3085f72d4cb!2sGrupo%20Toys!5e0!3m2!1spt-PT!2sbr!4v1681825067077!5m2!1spt-PT!2sbr\" width=\"600\" height=\"450\" style=\"border:0;\" allowfullscreen=\"\" loading=\"lazy\" referrerpolicy=\"no-referrer-when-downgrade\"><\/iframe><\/p>\n<a rel=\"noopener noreferrer\" href=\"https:\/\/www.google.com\/maps\/dir\/-26.2884744,-48.8753764\/lsc+toys+sp\/@-24.8983475,-50.1742581,7z\/data=!3m1!4b1!4m9!4m8!1m1!4e1!1m5!1m1!1s0x94ce689df5400bf3:0x56a9b3085f72d4cb!2m2!1d-46.4635354!2d-23.6003805\" target=\"_blank\" class=\"button primary is-underline is-large expand\"  >\n  <i class=\"icon-map-pin-fill\" ><\/i>  <span>Ver c\u00f3mo llegar<\/span>\n  <\/a>\n\n\t\t<\/div>\n\t\t\t\t\t<\/div>\n\n\t\n<\/div>","protected":false},"excerpt":{"rendered":"","protected":false},"author":2,"featured_media":0,"parent":0,"menu_order":0,"comment_status":"closed","ping_status":"closed","template":"page-blank.php","meta":{"footnotes":""},"acf":[],"_links":{"self":[{"href":"https:\/\/lsctoys.com.br\/es\/wp-json\/wp\/v2\/pages\/191"}],"collection":[{"href":"https:\/\/lsctoys.com.br\/es\/wp-json\/wp\/v2\/pages"}],"about":[{"href":"https:\/\/lsctoys.com.br\/es\/wp-json\/wp\/v2\/types\/page"}],"author":[{"embeddable":true,"href":"https:\/\/lsctoys.com.br\/es\/wp-json\/wp\/v2\/users\/2"}],"replies":[{"embeddable":true,"href":"https:\/\/lsctoys.com.br\/es\/wp-json\/wp\/v2\/comments?post=191"}],"version-history":[{"count":3,"href":"https:\/\/lsctoys.com.br\/es\/wp-json\/wp\/v2\/pages\/191\/revisions"}],"predecessor-version":[{"id":2654,"href":"https:\/\/lsctoys.com.br\/es\/wp-json\/wp\/v2\/pages\/191\/revisions\/2654"}],"wp:attachment":[{"href":"https:\/\/lsctoys.com.br\/es\/wp-json\/wp\/v2\/media?parent=191"}],"curies":[{"name":"wp","href":"https:\/\/api.w.org\/{rel}","templated":true}]}}