{"id":3042,"date":"2023-04-25T13:55:25","date_gmt":"2023-04-25T16:55:25","guid":{"rendered":"https:\/\/lsctoys.com.br\/?post_type=product&#038;p=3042"},"modified":"2024-07-02T16:01:57","modified_gmt":"2024-07-02T19:01:57","slug":"taca-de-agua-400-ml","status":"publish","type":"product","link":"https:\/\/lsctoys.com.br\/es\/producto\/taca-de-agua-400-ml\/","title":{"rendered":"TA\u00c7A DE \u00c1GUA 400 ml"},"content":{"rendered":"<p>C\u00f3d:\u00a0 3026<br \/>\nCaixa com 30 unidades<br \/>\nMedida aproximada: A 16,5 x L 8,5 cm<\/p>","protected":false},"excerpt":{"rendered":"<p>C\u00f3d:\u00a0 3026 Caixa com 30 unidades Medida aproximada: A 16,5 x L 8,5 cm<\/p>","protected":false},"featured_media":2806,"comment_status":"open","ping_status":"closed","template":"","meta":[],"product_cat":[126],"product_tag":[],"acf":[],"_links":{"self":[{"href":"https:\/\/lsctoys.com.br\/es\/wp-json\/wp\/v2\/product\/3042"}],"collection":[{"href":"https:\/\/lsctoys.com.br\/es\/wp-json\/wp\/v2\/product"}],"about":[{"href":"https:\/\/lsctoys.com.br\/es\/wp-json\/wp\/v2\/types\/product"}],"replies":[{"embeddable":true,"href":"https:\/\/lsctoys.com.br\/es\/wp-json\/wp\/v2\/comments?post=3042"}],"wp:featuredmedia":[{"embeddable":true,"href":"https:\/\/lsctoys.com.br\/es\/wp-json\/wp\/v2\/media\/2806"}],"wp:attachment":[{"href":"https:\/\/lsctoys.com.br\/es\/wp-json\/wp\/v2\/media?parent=3042"}],"wp:term":[{"taxonomy":"product_cat","embeddable":true,"href":"https:\/\/lsctoys.com.br\/es\/wp-json\/wp\/v2\/product_cat?post=3042"},{"taxonomy":"product_tag","embeddable":true,"href":"https:\/\/lsctoys.com.br\/es\/wp-json\/wp\/v2\/product_tag?post=3042"}],"curies":[{"name":"wp","href":"https:\/\/api.w.org\/{rel}","templated":true}]}}