{"id":4052,"date":"2023-06-15T16:58:31","date_gmt":"2023-06-15T19:58:31","guid":{"rendered":"https:\/\/lsctoys.com.br\/?post_type=product&#038;p=4052"},"modified":"2024-07-02T09:22:15","modified_gmt":"2024-07-02T12:22:15","slug":"taca-coracao-exclusive-com-tampa-16-x-45-cm","status":"publish","type":"product","link":"https:\/\/lsctoys.com.br\/es\/producto\/taca-coracao-exclusive-com-tampa-16-x-45-cm\/","title":{"rendered":"TA\u00c7A CORA\u00c7\u00c3O EXCLUSIVE COM  TAMPA"},"content":{"rendered":"","protected":false},"excerpt":{"rendered":"<p><span class=\"WdYUQQ text-decoration-none text-strikethrough-none\">Caixa com 12 unidades<br \/>\nMedida aproximada: A 9,5 x L 16,3 cm<\/span><\/p>","protected":false},"featured_media":4053,"comment_status":"open","ping_status":"closed","template":"","meta":[],"product_cat":[120],"product_tag":[],"acf":[],"_links":{"self":[{"href":"https:\/\/lsctoys.com.br\/es\/wp-json\/wp\/v2\/product\/4052"}],"collection":[{"href":"https:\/\/lsctoys.com.br\/es\/wp-json\/wp\/v2\/product"}],"about":[{"href":"https:\/\/lsctoys.com.br\/es\/wp-json\/wp\/v2\/types\/product"}],"replies":[{"embeddable":true,"href":"https:\/\/lsctoys.com.br\/es\/wp-json\/wp\/v2\/comments?post=4052"}],"wp:featuredmedia":[{"embeddable":true,"href":"https:\/\/lsctoys.com.br\/es\/wp-json\/wp\/v2\/media\/4053"}],"wp:attachment":[{"href":"https:\/\/lsctoys.com.br\/es\/wp-json\/wp\/v2\/media?parent=4052"}],"wp:term":[{"taxonomy":"product_cat","embeddable":true,"href":"https:\/\/lsctoys.com.br\/es\/wp-json\/wp\/v2\/product_cat?post=4052"},{"taxonomy":"product_tag","embeddable":true,"href":"https:\/\/lsctoys.com.br\/es\/wp-json\/wp\/v2\/product_tag?post=4052"}],"curies":[{"name":"wp","href":"https:\/\/api.w.org\/{rel}","templated":true}]}}